{"id":2830,"date":"2021-09-24T07:53:38","date_gmt":"2021-09-24T11:53:38","guid":{"rendered":"https:\/\/bloomforall.com\/?post_type=product&amp;p=2830"},"modified":"2023-02-22T10:35:54","modified_gmt":"2023-02-22T10:35:54","slug":"me_leave_in_conditioning_cream","status":"publish","type":"product","link":"https:\/\/bloomforall.com\/parent\/product\/me_leave_in_conditioning_cream\/","title":{"rendered":"Many Ethnicities Leave-In Conditioning Cream"},"content":{"rendered":"<ul class=\"a-unordered-list a-vertical a-spacing-mini\">\n<li><span class=\"a-list-item\"> M.E. ALL-TIME BESTSELLER. Highly concentrated and light to the touch, our all-time best selling cream will make styling after bath a whole new experience. It outperforms any competition because of our generous inclusion of beeswax and purified natural guar bean extract for all-natural soft curl definition, shine and hold. Experience the most beautiful, bouncy natural curls of your life. No frizz. No fly-aways. No unruly edges. <\/span><\/li>\n<li><span class=\"a-list-item\"> ONLY FINEST NATURAL INGREDIENTS. Our Leave-In Conditioning Cream is packed with natural moisturizers and humectants, including Argan, Avocado, Jojoba and Sweet Almond oils, Panthenol (Vitamin B5), and Shea Butter. No harsh chemicals and harmful additives. Many Ethnicities is sulfate-free, color-safe, paraben-free, gluten-free and always free from animal testing. <\/span><\/li>\n<li><span class=\"a-list-item\"> REAL CURL TRANSFORMATION. This is why our customers love Many Ethnicities Leave-In Conditioning Cream\u00e2\u20ac\u00a6 \u00e2\u20ac\u0153It left my hair super soft, defined, shiny, and moisturized\u00e2\u20ac\u009d, \u00e2\u20ac\u0153I\u00e2\u20ac\u2122m obsessed! \u00f0\u0178\u2019\u203a\u00e2\u20ac\u009d, \u00e2\u20ac\u0153left me with crazy soft curls that still had definition! \u00f0\u0178\u2122\u0152\u00f0\u0178\u008f\u00bd\u00f0\u0178\u02dc\u008d\u00f0\u0178\u00a4\u00a9\u00e2\u20ac\u009d, \u00e2\u20ac\u0153Only need a small amount! \u00f0\u0178\u2019\u2122\u00e2\u20ac\u009d, \u00e2\u20ac\u0153I love love love love this stuff\u00e2\u20ac\u009d, \u00e2\u20ac\u0153It\u00e2\u20ac\u2122s in the TOP 3 MUST HAVES FOR ME!\u00e2\u20ac\u009d, \u00e2\u20ac\u0153\u00f0\u0178\u2019\u2122 The leave-In is super moisturizing and softening&#8230; AND it smells GOOD \u00f0\u0178\u02dc\u00a9\u00e2\u20ac\u009d. <\/span><\/li>\n<li><span class=\"a-list-item\"> CREATED BY A DOCTOR, AS SEEN ON THE TODAY SHOW. Rest easy, the doctor is in. Today Style\u00e2\u20ac\u2122s hero Dr. Ena Hennegan, a family practice physician and a mother of three daughters with different hair types, knows personally the struggles of caring for multi-textured curly hair. She created Many Ethnicities to solve a problem of her own and has shared the solution with the world. <\/span><\/li>\n<li><span class=\"a-list-item\"> MADE ESPECIALLY FOR CURLY, MULTICULTURAL, and MULTI-TEXTURED HAIR. Dr. Ena is a proud biracial woman who grew frustrated with a lack of healthy choices for caring for the unique challenges of multi-textured hair. Many Ethnicities contain nothing but goodness to celebrate the natural beauty of kinky, curly, wavy, woolly, wonderful hair that many multi-ethnic people are blessed to have. <\/span><\/li>\n<\/ul>\n","protected":false},"excerpt":{"rendered":"<p><span class=\"a-list-item\">Light to the touch, our all-time best selling cream will make styling after bath a whole new experience. Experience the most beautiful, bouncy natural curls of your life. No frizz. No fly-aways. No unruly edges. <\/span><\/p>\n","protected":false},"featured_media":3484,"comment_status":"closed","ping_status":"closed","template":"","meta":{"om_disable_all_campaigns":false,"_monsterinsights_skip_tracking":false,"_monsterinsights_sitenote_active":false,"_monsterinsights_sitenote_note":"","_monsterinsights_sitenote_category":0},"product_brand":[],"product_cat":[223,224],"product_tag":[116,114,115],"class_list":{"0":"post-2830","1":"product","2":"type-product","3":"status-publish","4":"has-post-thumbnail","6":"product_cat-hair-care","7":"product_cat-leave-in-styling","8":"product_tag-conditioner","9":"product_tag-hair-care","10":"product_tag-many-ethnicities","12":"first","13":"instock","14":"featured","15":"shipping-taxable","16":"product-type-external"},"aioseo_notices":[],"_links":{"self":[{"href":"https:\/\/bloomforall.com\/parent\/wp-json\/wp\/v2\/product\/2830","targetHints":{"allow":["GET"]}}],"collection":[{"href":"https:\/\/bloomforall.com\/parent\/wp-json\/wp\/v2\/product"}],"about":[{"href":"https:\/\/bloomforall.com\/parent\/wp-json\/wp\/v2\/types\/product"}],"replies":[{"embeddable":true,"href":"https:\/\/bloomforall.com\/parent\/wp-json\/wp\/v2\/comments?post=2830"}],"wp:featuredmedia":[{"embeddable":true,"href":"https:\/\/bloomforall.com\/parent\/wp-json\/wp\/v2\/media\/3484"}],"wp:attachment":[{"href":"https:\/\/bloomforall.com\/parent\/wp-json\/wp\/v2\/media?parent=2830"}],"wp:term":[{"taxonomy":"product_brand","embeddable":true,"href":"https:\/\/bloomforall.com\/parent\/wp-json\/wp\/v2\/product_brand?post=2830"},{"taxonomy":"product_cat","embeddable":true,"href":"https:\/\/bloomforall.com\/parent\/wp-json\/wp\/v2\/product_cat?post=2830"},{"taxonomy":"product_tag","embeddable":true,"href":"https:\/\/bloomforall.com\/parent\/wp-json\/wp\/v2\/product_tag?post=2830"}],"curies":[{"name":"wp","href":"https:\/\/api.w.org\/{rel}","templated":true}]}}